{"id":1610,"date":"2025-03-23T11:52:43","date_gmt":"2025-03-23T10:52:43","guid":{"rendered":"https:\/\/hladilo.com\/josip\/?page_id=1610"},"modified":"2025-06-03T12:02:25","modified_gmt":"2025-06-03T11:02:25","slug":"kontakt","status":"publish","type":"page","link":"https:\/\/centarjosipovac.hr\/index.php\/kontakt\/","title":{"rendered":"Kontakt"},"content":{"rendered":"\n<div class=\"wp-block-columns is-layout-flex wp-container-core-columns-is-layout-1 wp-block-columns-is-layout-flex\">\n<div class=\"wp-block-column is-layout-flow wp-block-column-is-layout-flow\">\n<h2 class=\"wp-block-heading\">Tijela ustanove:<\/h2>\n\n\n\n<h3 class=\"wp-block-heading\">Upravno vije\u0107e<\/h3>\n\n\n\n<p>Centrom za rehabilitaciju Josipovac upravlja Upravno vije\u0107e koje broji pet \u010dlanova. \u010clanove Upravnog vije\u0107a imenuje nadle\u017eno Ministarstvo tako da imenuje svoje predstavnike, predstavnika radnika imenuje na prijedlog svih radnika zaposlenih u Centru, a predstavnika korisnika, na prijedlog korisnika odnosno njihovih roditelja i skrbnika.<\/p>\n\n\n\n<h3 class=\"wp-block-heading\">Ravnatelj<\/h3>\n\n\n\n<p>Ravnatelj vodi i predstavlja Centar organizira, vodi rad i poslovanje, poduzima sve pravne radnje u ime i na ra\u010dun ustanove, odgovara za zakonitost rada ustanove.<\/p>\n\n\n\n<p><strong>Ravnatelj&nbsp;Toni \u0110erek mag.rehab.educ<\/strong><\/p>\n\n\n\n<h3 class=\"wp-block-heading\">Stru\u010dno vije\u0107e<\/h3>\n\n\n\n<p>Stru\u010dno vije\u0107e kao stru\u010dno i savjetodavno tijelo \u010dine svi stru\u010dni radnici Centra. Na sjednicama Stru\u010dnog vije\u0107a predla\u017eu se programi rada, raspravlja se o stru\u010dnim pitanjima, daju se Upravnom vije\u0107u i ravnatelju prijedlozi glede ustroja rada, poma\u017ee se ravnatelju u nadzoru i koordiniranju stru\u010dnog rada, predla\u017eu mjere za stru\u010dno usavr\u0161avanje radnika i dr.<\/p>\n\n\n\n<h3 class=\"wp-block-heading\">Stru\u010dni tim<\/h3>\n\n\n\n<p>Stru\u010dni tim u Centru sa\u010dinjavaju defektolog, socijalni radnik, radni terapeut i medicinski tehni\u010dar. Stru\u010dni tim rje\u0161ava socijalne, zdravstvene i druge potrebe korisnika, izra\u0111uje individualne programe rada korisnika i prati uspje\u0161nost rehabilitacije korisnika.<\/p>\n<\/div>\n\n\n\n<div class=\"wp-block-column is-vertically-aligned-top is-layout-flow wp-block-column-is-layout-flow\">\n<h4 class=\"wp-block-heading\">ADRESA: Na rijeci 13a, 20207 Mlini<\/h4>\n\n\n\n<p><a href=\"mailto:korisnik322@socskrb.hr\" target=\"_blank\" rel=\"noreferrer noopener\">korisnik322@socskrb.hr<\/a><\/p>\n\n\n\n<p><a href=\"mailto:czrjosipovac@gmail.com\">czrjosipovac@gmail.com<\/a><br>TEL:020\/ 312-221<\/p>\n\n\n\n<p><strong>RAVNATELJ<\/strong><br>Toni \u0110erek mag.rehab.educ<\/p>\n\n\n\n<p><strong>SLU\u017dBENIK ZA INFORMIRANJE TONI \u0110EREK<\/strong><br>0913122215<br><a href=\"mailto:toni.derek@socskrb.hr\">toni.derek@socskrb.hr<\/a><\/p>\n\n\n\n<p><strong>VODITELJICA RA\u010cUNOVODSTVA: <\/strong><br>KRISTINA SKURI\u0106<br>020\/ 416-483<br><a href=\"mailto:kristina.skuric@socskrb.hr\">kristina.skuric@socskrb.hr<\/a><\/p>\n\n\n\n<p><strong>VODITELJICA ODJELA NJEGE I BRIGE O ZDRAVLJU:<\/strong><br>GORDANA CVITKOVI\u0106 BACC.MED.TECHN ,&nbsp;<br>020\/ 422-202, 091 312 2219<br><a href=\"mailto:gordana.cvitkovic@socskrb.hr\">gordana.cvitkovic@socskrb.hr<\/a><\/p>\n\n\n\n<p><strong>VODITELJ\/ICA ODJELA REHABILITACIJE <\/strong><br>MARTINA RA\u0160ICA KE\u017dI\u0106, MAG.ACT.SOC<br>020\/ 414-054, 091 312 2215<br><a href=\"mailto:Martina.RasicaKezic@socskrb.hr\">Martina.RasicaKezic@socskrb.hr<\/a><\/p>\n<\/div>\n<\/div>\n\n\n\n<h2 class=\"wp-block-heading\">Uputa za uplatu donacija<\/h2>\n\n\n\n<p>Zahvaljujemo na svakoj Va\u0161oj donaciji!<\/p>\n\n\n\n<p>Nov\u010dane donacije molimo da uplatite na \u017eiro ra\u010dun Centra za rehabilitaciju Josipovac otvoren u Hrvatskoj po\u0161tanskoj banci d.d., Zagreb:<\/p>\n\n\n\n<p>IBAN:&nbsp;<strong>HR47 2390 0011 1000 1831 0<\/strong><br>PRIMATELJ:&nbsp;<strong>Centar za rehabilitaciju Josipovac<\/strong><br>ADRESA:&nbsp;<strong>Na rijeci 13A, 20207 Mlini<\/strong><br>OIB:&nbsp;<strong>62252145399<\/strong><\/p>\n\n\n\n<p><strong>SWIFT\/BIC Code: HPBZHR2X<\/strong><\/p>\n\n\n\n<p>Primjerak pravilno ispunjenog naloga za pla\u0107anje mo\u017eete prona\u0107i&nbsp;<a href=\"http:\/\/centarjosipovac.hr\/wp-content\/uploads\/2020\/05\/Primjerak-pravilno-ispunjenog-naloga-za-plac%CC%81anje.jpg\">ovdje<\/a>.<\/p>\n","protected":false},"excerpt":{"rendered":"<p>Tijela ustanove: Upravno vije\u0107e Centrom za rehabilitaciju Josipovac upravlja Upravno vije\u0107e koje broji pet \u010dlanova. \u010clanove Upravnog vije\u0107a imenuje nadle\u017eno Ministarstvo tako da imenuje svoje predstavnike, predstavnika radnika imenuje na prijedlog svih radnika zaposlenih u Centru, a predstavnika korisnika, na prijedlog korisnika odnosno njihovih roditelja i skrbnika. Ravnatelj Ravnatelj vodi i predstavlja Centar organizira, vodi [&hellip;]<\/p>\n","protected":false},"author":1,"featured_media":0,"parent":0,"menu_order":0,"comment_status":"closed","ping_status":"closed","template":"","meta":{"footnotes":""},"class_list":["post-1610","page","type-page","status-publish","hentry"],"_links":{"self":[{"href":"https:\/\/centarjosipovac.hr\/index.php\/wp-json\/wp\/v2\/pages\/1610","targetHints":{"allow":["GET"]}}],"collection":[{"href":"https:\/\/centarjosipovac.hr\/index.php\/wp-json\/wp\/v2\/pages"}],"about":[{"href":"https:\/\/centarjosipovac.hr\/index.php\/wp-json\/wp\/v2\/types\/page"}],"author":[{"embeddable":true,"href":"https:\/\/centarjosipovac.hr\/index.php\/wp-json\/wp\/v2\/users\/1"}],"replies":[{"embeddable":true,"href":"https:\/\/centarjosipovac.hr\/index.php\/wp-json\/wp\/v2\/comments?post=1610"}],"version-history":[{"count":11,"href":"https:\/\/centarjosipovac.hr\/index.php\/wp-json\/wp\/v2\/pages\/1610\/revisions"}],"predecessor-version":[{"id":2050,"href":"https:\/\/centarjosipovac.hr\/index.php\/wp-json\/wp\/v2\/pages\/1610\/revisions\/2050"}],"wp:attachment":[{"href":"https:\/\/centarjosipovac.hr\/index.php\/wp-json\/wp\/v2\/media?parent=1610"}],"curies":[{"name":"wp","href":"https:\/\/api.w.org\/{rel}","templated":true}]}}