{"id":1507,"date":"2025-03-17T14:38:30","date_gmt":"2025-03-17T13:38:30","guid":{"rendered":"https:\/\/hladilo.com\/josip\/?page_id=1507"},"modified":"2025-03-23T13:17:29","modified_gmt":"2025-03-23T12:17:29","slug":"o-nama","status":"publish","type":"page","link":"https:\/\/centarjosipovac.hr\/index.php\/o-nama\/","title":{"rendered":"O nama"},"content":{"rendered":"\n<h5 class=\"wp-block-heading\">Rad u ustanovi organiziran je kroz sljede\u0107e ustrojbene jedinice:<\/h5>\n\n\n\n<h3 class=\"wp-block-heading\"><strong>Odjel rehabilitacije<\/strong><\/h3>\n\n\n\n<p>Korisnicima se nudi niz aktivnosti u kojima sudjeluju prema svojim afinitetima i sposobnostima.<\/p>\n\n\n\n<h3 class=\"wp-block-heading\"><strong>Odjel njege i brige o zdravlju<\/strong><\/h3>\n\n\n\n<p>Medicinsko osoblje i njegovatelji pru\u017eaju pomo\u0107 pojedincu, bolesnom ili zdravom, u obavljanju aktivnosti koje doprinose zdravlju ili oporavku i pru\u017eaju zagrljaj, dodir i toplu rije\u010d koja zna\u010di i djeluje bolje od pojedine terapije.<\/p>\n\n\n\n<h3 class=\"wp-block-heading\"><strong>Odjel pomo\u0107no tehni\u010dkih poslova<\/strong><\/h3>\n\n\n\n<h3 class=\"wp-block-heading\"><strong>Administrativno ra\u010dunovodstvena slu\u017eba<\/strong><\/h3>\n\n\n\n<h2 class=\"wp-block-heading\">Tijela ustanove:<\/h2>\n\n\n\n<h3 class=\"wp-block-heading\">Upravno vije\u0107e<\/h3>\n\n\n\n<p>Centrom za rehabilitaciju Josipovac upravlja Upravno vije\u0107e koje broji pet \u010dlanova. \u010clanove Upravnog vije\u0107a imenuje nadle\u017eno Ministarstvo tako da imenuje svoje predstavnike, predstavnika radnika imenuje na prijedlog svih radnika zaposlenih u Centru, a predstavnika korisnika, na prijedlog korisnika odnosno njihovih roditelja i skrbnika.<\/p>\n\n\n\n<h3 class=\"wp-block-heading\">Ravnatelj<\/h3>\n\n\n\n<p>Ravnatelj vodi i predstavlja Centar organizira, vodi rad i poslovanje, poduzima sve pravne radnje u ime i na ra\u010dun ustanove, odgovara za zakonitost rada ustanove.<\/p>\n\n\n\n<p><strong>Ravnatelj&nbsp;Toni \u0110erek mag.rehab.educ<\/strong><\/p>\n\n\n\n<h3 class=\"wp-block-heading\">Stru\u010dno vije\u0107e<\/h3>\n\n\n\n<p>Stru\u010dno vije\u0107e kao stru\u010dno i savjetodavno tijelo \u010dine svi stru\u010dni radnici Centra. Na sjednicama Stru\u010dnog vije\u0107a predla\u017eu se programi rada, raspravlja se o stru\u010dnim pitanjima, daju se Upravnom vije\u0107u i ravnatelju prijedlozi glede ustroja rada, poma\u017ee se ravnatelju u nadzoru i koordiniranju stru\u010dnog rada, predla\u017eu mjere za stru\u010dno usavr\u0161avanje radnika i dr.<\/p>\n\n\n\n<h3 class=\"wp-block-heading\">Stru\u010dni tim<\/h3>\n\n\n\n<p>Stru\u010dni tim u Centru sa\u010dinjavaju defektolog, socijalni radnik, radni terapeut i medicinski tehni\u010dar. Stru\u010dni tim rje\u0161ava socijalne, zdravstvene i druge potrebe korisnika, izra\u0111uje individualne programe rada korisnika i prati uspje\u0161nost rehabilitacije korisnika.<\/p>\n\n\n\n<div class=\"wp-block-buttons is-layout-flex wp-block-buttons-is-layout-flex\">\n<div class=\"wp-block-button\"><a class=\"wp-block-button__link wp-element-button\" href=\"https:\/\/centarjosipovac.hr\/index.php\/kontakt\/\">Kontakti<\/a><\/div>\n<\/div>\n","protected":false},"excerpt":{"rendered":"<p>Rad u ustanovi organiziran je kroz sljede\u0107e ustrojbene jedinice: Odjel rehabilitacije Korisnicima se nudi niz aktivnosti u kojima sudjeluju prema svojim afinitetima i sposobnostima. Odjel njege i brige o zdravlju Medicinsko osoblje i njegovatelji pru\u017eaju pomo\u0107 pojedincu, bolesnom ili zdravom, u obavljanju aktivnosti koje doprinose zdravlju ili oporavku i pru\u017eaju zagrljaj, dodir i toplu rije\u010d [&hellip;]<\/p>\n","protected":false},"author":1,"featured_media":1670,"parent":0,"menu_order":0,"comment_status":"closed","ping_status":"closed","template":"page-templates\/sidebar-right.php","meta":{"footnotes":""},"class_list":["post-1507","page","type-page","status-publish","has-post-thumbnail","hentry"],"_links":{"self":[{"href":"https:\/\/centarjosipovac.hr\/index.php\/wp-json\/wp\/v2\/pages\/1507","targetHints":{"allow":["GET"]}}],"collection":[{"href":"https:\/\/centarjosipovac.hr\/index.php\/wp-json\/wp\/v2\/pages"}],"about":[{"href":"https:\/\/centarjosipovac.hr\/index.php\/wp-json\/wp\/v2\/types\/page"}],"author":[{"embeddable":true,"href":"https:\/\/centarjosipovac.hr\/index.php\/wp-json\/wp\/v2\/users\/1"}],"replies":[{"embeddable":true,"href":"https:\/\/centarjosipovac.hr\/index.php\/wp-json\/wp\/v2\/comments?post=1507"}],"version-history":[{"count":6,"href":"https:\/\/centarjosipovac.hr\/index.php\/wp-json\/wp\/v2\/pages\/1507\/revisions"}],"predecessor-version":[{"id":1675,"href":"https:\/\/centarjosipovac.hr\/index.php\/wp-json\/wp\/v2\/pages\/1507\/revisions\/1675"}],"wp:featuredmedia":[{"embeddable":true,"href":"https:\/\/centarjosipovac.hr\/index.php\/wp-json\/wp\/v2\/media\/1670"}],"wp:attachment":[{"href":"https:\/\/centarjosipovac.hr\/index.php\/wp-json\/wp\/v2\/media?parent=1507"}],"curies":[{"name":"wp","href":"https:\/\/api.w.org\/{rel}","templated":true}]}}