{"id":1485,"date":"2025-03-17T13:57:20","date_gmt":"2025-03-17T12:57:20","guid":{"rendered":"https:\/\/hladilo.com\/josip\/?page_id=1485"},"modified":"2025-03-17T13:57:21","modified_gmt":"2025-03-17T12:57:21","slug":"pristup-informacijama","status":"publish","type":"page","link":"https:\/\/centarjosipovac.hr\/index.php\/pristup-informacijama\/","title":{"rendered":"Pristup informacijama"},"content":{"rendered":"\n<h4 class=\"wp-block-heading\"><a href=\"http:\/\/centarjosipovac.hr\/wp-content\/uploads\/2024\/01\/Godisnje_izvjesce-1.pdf\">Izvje\u0161\u0107e o provedbi Zakona o pravu na pristup informacijama za 2023. godinu<\/a><\/h4>\n\n\n\n<h4 class=\"wp-block-heading\">Pravo na pristup informacijama i ponovnu uporabu informacija ostvaruje se u skladu sa:<\/h4>\n\n\n\n<ul class=\"wp-block-list\">\n<li><a href=\"https:\/\/narodne-novine.nn.hr\/clanci\/sluzbeni\/2013_02_25_403.html\" target=\"_blank\" rel=\"noreferrer noopener\">Zakonom o pravu na pristup informacijama (NN broj 25\/13)<\/a>\u00a0i<\/li>\n\n\n\n<li><a href=\"https:\/\/narodne-novine.nn.hr\/clanci\/sluzbeni\/2015_08_85_1649.html\" target=\"_blank\" rel=\"noreferrer noopener\">Zakonom o izmjenama i dopunama\u00a0Zakona o pravu na pristup informacijama (NN broj 85\/15)<\/a><\/li>\n<\/ul>\n\n\n\n<p><strong>Cilj<\/strong>&nbsp;Zakona je omogu\u0107iti i osigurati ostvarivanje Ustavom Republike Hrvatske zajam\u010denog prava na pristup informacijama, kao i na ponovnu uporabu informacija fizi\u010dkim i pravnim osobama putem otvorenosti i javnosti djelovanja tijela javne vlasti.<\/p>\n\n\n\n<h2 class=\"wp-block-heading\"><strong>Pravo na pristup informacijama<\/strong>\u00a0<\/h2>\n\n\n\n<p>temelji se na na\u010delima javnosti i slobodnog pristupa, pravodobnosti, potpunosti i to\u010dnosti informacija, na\u010delu jednakosti, na\u010delu raspolaganja informacijom te, sukladno \u010dlanku 5. stavku 1. to\u010dki 5. Zakona \u201eobuhva\u0107a pravo korisnika na tra\u017eenje i dobivanje informacije, kao i obvezu tijela javne vlasti da omogu\u0107i pristup zatra\u017eenoj informaciji, odnosno da objavljuje informacije neovisno o postavljenom zahtjevu kada takvo objavljivanje proizlazi iz obveze odre\u0111ene zakonom ili drugim propisom\u201c.<\/p>\n\n\n\n<p><strong>Informacija<\/strong>, u smislu navedenog Zakona (\u010dlanak 5. stavak 1. to\u010dka 3.), predstavlja \u201esvaki podatak koji posjeduje tijelo javne vlasti u obliku dokumenta, zapisa, dosjea, registra, neovisno o na\u010dinu na koji je prikazan (napisani, nacrtani, tiskani, snimljeni, magnetni, opti\u010dki, elektroni\u010dki ili neki drugi zapis), koji je tijelo izradilo samo ili u suradnji s drugim tijelima ili dobilo od druge osobe, a nastao je u okviru djelokruga ili u vezi s organizacijom i radom tijela javne vlasti\u201c.<\/p>\n\n\n\n<h2 class=\"wp-block-heading\"><strong>Ponovna uporaba informacija<\/strong>, <\/h2>\n\n\n\n<p>u skladu s \u010dlankom 5. stavkom 1. to\u010dkom 6. Zakona \u201ezna\u010di uporabu informacija tijela javne vlasti od strane fizi\u010dkih ili pravnih osoba, u komercijalnu ili nekomercijalnu svrhu razli\u010ditu od izvorne svrhe za koju su informacije nastale, a koja se ostvaruje u okviru zakonom ili drugim propisom odre\u0111enog djelokruga ili posla koji se uobi\u010dajeno smatra javnim poslom. Razmjena informacija izme\u0111u tijela javne vlasti radi obavljanja poslova iz njihova djelokruga ne predstavlja ponovnu uporabu\u201c. Tijelo javne vlasti ima pravo tra\u017eiti od podnositelja zahtjeva naknadu stvarnih materijalnih tro\u0161kova koji nastanu pru\u017eanjem informacije kao i naknadu tro\u0161kova dostave tra\u017eene informacije u skladu s\u00a0<a href=\"https:\/\/narodne-novine.nn.hr\/clanci\/sluzbeni\/2014_01_12_231.html\" target=\"_blank\" rel=\"noreferrer noopener\">Kriterijima za odre\u0111ivanje visine naknade stvarnih materijalnih tro\u0161kova i tro\u0161kova dostave informacije (\u201cNarodne novine\u201d, broj:12\/14 i 15\/14)<\/a>.<\/p>\n\n\n\n<h4 class=\"wp-block-heading\">Pravo na pristup informacijama i ponovnu uporabu informacija ostvaruje se podno\u0161enjem zahtjeva Centru za rehabilitaciju Josipovac, slu\u017ebeniku za informiranje pisanim putem na adresu:<\/h4>\n\n\n\n<p><strong>Centar za rehabilitaciju Josipovac<\/strong><\/p>\n\n\n\n<p>Na rijeci 13A, 20207 Mlini<\/p>\n\n\n\n<p><strong>Slu\u017ebenik za informiranje:<\/strong><strong><br>Toni \u0110erek, mag.rehab.educ<br><\/strong>tel: 0913122215<strong><br><\/strong>e-mail:&nbsp;<a href=\"mailto:toni.derek@socskrb.hr\" target=\"_blank\" rel=\"noreferrer noopener\">toni.derek@socskrb.hr<\/a><\/p>\n","protected":false},"excerpt":{"rendered":"<p>Izvje\u0161\u0107e o provedbi Zakona o pravu na pristup informacijama za 2023. godinu Pravo na pristup informacijama i ponovnu uporabu informacija ostvaruje se u skladu sa: Cilj&nbsp;Zakona je omogu\u0107iti i osigurati ostvarivanje Ustavom Republike Hrvatske zajam\u010denog prava na pristup informacijama, kao i na ponovnu uporabu informacija fizi\u010dkim i pravnim osobama putem otvorenosti i javnosti djelovanja tijela [&hellip;]<\/p>\n","protected":false},"author":1,"featured_media":0,"parent":0,"menu_order":0,"comment_status":"closed","ping_status":"closed","template":"page-templates\/sidebar-right.php","meta":{"footnotes":""},"class_list":["post-1485","page","type-page","status-publish","hentry"],"_links":{"self":[{"href":"https:\/\/centarjosipovac.hr\/index.php\/wp-json\/wp\/v2\/pages\/1485","targetHints":{"allow":["GET"]}}],"collection":[{"href":"https:\/\/centarjosipovac.hr\/index.php\/wp-json\/wp\/v2\/pages"}],"about":[{"href":"https:\/\/centarjosipovac.hr\/index.php\/wp-json\/wp\/v2\/types\/page"}],"author":[{"embeddable":true,"href":"https:\/\/centarjosipovac.hr\/index.php\/wp-json\/wp\/v2\/users\/1"}],"replies":[{"embeddable":true,"href":"https:\/\/centarjosipovac.hr\/index.php\/wp-json\/wp\/v2\/comments?post=1485"}],"version-history":[{"count":1,"href":"https:\/\/centarjosipovac.hr\/index.php\/wp-json\/wp\/v2\/pages\/1485\/revisions"}],"predecessor-version":[{"id":1486,"href":"https:\/\/centarjosipovac.hr\/index.php\/wp-json\/wp\/v2\/pages\/1485\/revisions\/1486"}],"wp:attachment":[{"href":"https:\/\/centarjosipovac.hr\/index.php\/wp-json\/wp\/v2\/media?parent=1485"}],"curies":[{"name":"wp","href":"https:\/\/api.w.org\/{rel}","templated":true}]}}