{"id":1483,"date":"2025-03-17T13:50:38","date_gmt":"2025-03-17T12:50:38","guid":{"rendered":"https:\/\/hladilo.com\/josip\/?page_id=1483"},"modified":"2026-01-12T11:55:22","modified_gmt":"2026-01-12T10:55:22","slug":"upravno-vijece","status":"publish","type":"page","link":"https:\/\/centarjosipovac.hr\/index.php\/upravno-vijece\/","title":{"rendered":"Upravno vije\u0107e"},"content":{"rendered":"\n<h2 class=\"wp-block-heading\">\u010clanovi Upravnog vije\u0107a:<\/h2>\n\n\n\n<ol class=\"wp-block-list\">\n<li><strong>Silvija Petrli\u0107 Saltari\u0107, predsjednica Upravnog vije\u0107a \u2013 predstavnica osniva\u010da<\/strong><\/li>\n\n\n\n<li><strong>Nikolina Duper, \u010dlanica (zamjenica predsjednice Upravnog vije\u0107a) \u2013 predstavnica osniva\u010da<\/strong><\/li>\n\n\n\n<li><strong>Marija Jeli\u0107, \u010dlanica Upravnog vije\u0107a \u2013 predstavnica osniva\u010da<\/strong><\/li>\n\n\n\n<li><strong>Martina Ra\u0161ica Ke\u017ei\u0107, \u010dlanica Upravnog vije\u0107a \u2013 predstavnica radnika<\/strong><\/li>\n\n\n\n<li><strong>Zdravko \u0110anovi\u0107, \u010dlan Upravnog vije\u0107a \u2013 predstavnik roditelja\/skrbnika korisnika<\/strong><\/li>\n<\/ol>\n\n\n\n<h3 class=\"wp-block-heading\">Vezani Dokumenti:<\/h3>\n\n\n\n<div class=\"wp-block-file\"><a id=\"wp-block-file--media-015bfa20-03e9-4acd-9fce-06cc8363b66c\" href=\"https:\/\/centarjosipovac.hr\/wp-content\/uploads\/2026\/01\/Zapisnik-II.sjednice-Upravnog-vijeca-29.01.2025.docx\">Zapisnik II.sjednice Upravnog vije\u0107a 29.01.2025<\/a><a href=\"https:\/\/centarjosipovac.hr\/wp-content\/uploads\/2026\/01\/Zapisnik-II.sjednice-Upravnog-vijeca-29.01.2025.docx\" class=\"wp-block-file__button wp-element-button\" download aria-describedby=\"wp-block-file--media-015bfa20-03e9-4acd-9fce-06cc8363b66c\">Download<\/a><\/div>\n\n\n\n<div class=\"wp-block-file\"><a id=\"wp-block-file--media-3eaf2c60-3f2b-4dc1-afbb-db0327b7d291\" href=\"https:\/\/centarjosipovac.hr\/wp-content\/uploads\/2026\/01\/zapisnik-III.-sjednice-upravnog-vijeca-22.05.2025.docx\">zapisnik III. sjednice upravnog vije\u0107a 22.05.2025<\/a><a href=\"https:\/\/centarjosipovac.hr\/wp-content\/uploads\/2026\/01\/zapisnik-III.-sjednice-upravnog-vijeca-22.05.2025.docx\" class=\"wp-block-file__button wp-element-button\" download aria-describedby=\"wp-block-file--media-3eaf2c60-3f2b-4dc1-afbb-db0327b7d291\">Download<\/a><\/div>\n\n\n\n<div class=\"wp-block-file\"><a id=\"wp-block-file--media-0ea034e0-7ed0-47e4-bef5-ff1737a54159\" href=\"https:\/\/centarjosipovac.hr\/wp-content\/uploads\/2026\/01\/Zapisnik-IV.-sjednice-Upravnog-vijeca-25.09.25.odt\">Zapisnik IV. sjednice Upravnog vije\u0107a 25.09.25<\/a><a href=\"https:\/\/centarjosipovac.hr\/wp-content\/uploads\/2026\/01\/Zapisnik-IV.-sjednice-Upravnog-vijeca-25.09.25.odt\" class=\"wp-block-file__button wp-element-button\" download aria-describedby=\"wp-block-file--media-0ea034e0-7ed0-47e4-bef5-ff1737a54159\">Download<\/a><\/div>\n\n\n\n<p><\/p>\n\n\n\n<p><a href=\"http:\/\/centarjosipovac.hr\/wp-content\/uploads\/2025\/01\/Zapisnik-sa-1.-Konstituiraju%C4%87e-sjednice-Upravnog-vije%C4%87a.pdf\">Zapisnik sa 1. Konstituiraju\u0107e sjednice Upravnog vije\u0107a<\/a><\/p>\n\n\n\n<p><a href=\"http:\/\/centarjosipovac.hr\/wp-content\/uploads\/2024\/12\/Odluka-Ministarstva-o-imenovanju-%C4%8Dlanova-Upravnog-vije%C4%87a-CZR-Josipovac.pdf\">Odluka Ministarstva o imenovanju \u010dlanova Upravnog vije\u0107a CZR Josipovac<\/a><\/p>\n\n\n\n<p><a href=\"http:\/\/centarjosipovac.hr\/wp-content\/uploads\/2024\/12\/Odluka-o-imenovanju-predsjedice-i-zamjenice-U.V-Josipovac.pdf\">Odluka o imenovanju predsjedice i zamjenice U.V Josipovac<\/a><\/p>\n\n\n\n<p><a href=\"http:\/\/centarjosipovac.hr\/wp-content\/uploads\/2024\/12\/Poslovnik-o-radu-Upravnog-vije%C4%87a-CZR-Josipovac-2.pdf\">Poslovnik o radu Upravnog vije\u0107a CZR Josipovac<\/a><\/p>\n","protected":false},"excerpt":{"rendered":"<p>\u010clanovi Upravnog vije\u0107a: Vezani Dokumenti: Zapisnik sa 1. Konstituiraju\u0107e sjednice Upravnog vije\u0107a Odluka Ministarstva o imenovanju \u010dlanova Upravnog vije\u0107a CZR Josipovac Odluka o imenovanju predsjedice i zamjenice U.V Josipovac Poslovnik o radu Upravnog vije\u0107a CZR Josipovac<\/p>\n","protected":false},"author":1,"featured_media":0,"parent":0,"menu_order":0,"comment_status":"closed","ping_status":"closed","template":"page-templates\/sidebar-right.php","meta":{"footnotes":""},"class_list":["post-1483","page","type-page","status-publish","hentry"],"_links":{"self":[{"href":"https:\/\/centarjosipovac.hr\/index.php\/wp-json\/wp\/v2\/pages\/1483","targetHints":{"allow":["GET"]}}],"collection":[{"href":"https:\/\/centarjosipovac.hr\/index.php\/wp-json\/wp\/v2\/pages"}],"about":[{"href":"https:\/\/centarjosipovac.hr\/index.php\/wp-json\/wp\/v2\/types\/page"}],"author":[{"embeddable":true,"href":"https:\/\/centarjosipovac.hr\/index.php\/wp-json\/wp\/v2\/users\/1"}],"replies":[{"embeddable":true,"href":"https:\/\/centarjosipovac.hr\/index.php\/wp-json\/wp\/v2\/comments?post=1483"}],"version-history":[{"count":2,"href":"https:\/\/centarjosipovac.hr\/index.php\/wp-json\/wp\/v2\/pages\/1483\/revisions"}],"predecessor-version":[{"id":2458,"href":"https:\/\/centarjosipovac.hr\/index.php\/wp-json\/wp\/v2\/pages\/1483\/revisions\/2458"}],"wp:attachment":[{"href":"https:\/\/centarjosipovac.hr\/index.php\/wp-json\/wp\/v2\/media?parent=1483"}],"curies":[{"name":"wp","href":"https:\/\/api.w.org\/{rel}","templated":true}]}}